{"id":10,"date":"2022-10-18T15:43:06","date_gmt":"2022-10-18T13:43:06","guid":{"rendered":"https:\/\/sevenaudio.eu\/?page_id=10"},"modified":"2024-08-31T22:26:31","modified_gmt":"2024-08-31T20:26:31","slug":"informacje","status":"publish","type":"page","link":"https:\/\/sevenaudio.eu\/?page_id=10","title":{"rendered":"Info"},"content":{"rendered":"<p>How it&#8217;s working? You send us photos, description or acoustic project of your room and our acoustics specialists create a personalized offer for you. We discuss the finishing details, such as the type of wood or the color of the stain. After a few weeks, we deliver your personalized set of acoustic panels to your place. Ocean distance is not a problem.<\/p><p>We also cooperate with companies implementing large public investments. We are able to adapt our products to the fire protection requirements of public buildings.<\/p><p>All our products are made of selected materials produced in Europe. We use proven and trusted suppliers. The wood used to produce the panels comes from Polish forests, from birches, beeches and oaks growing there. <\/p><p>Our basic absorbing material are boards made of highly compressed polyester wool designed specifically for acoustic purposes &#8211; we focus on the most modern solutions in this area and offer the most demanding customers the best absorbers currently available.. Free from harmful substances and produced without chemical additives, this panels do not pose health risks to workers and users alike. <\/p><p>Jak to dzia\u0142a? Przesy\u0142asz do nas zdj\u0119cia, opis lub gotowy projekt akustyczny swojego pomieszczenia do adaptacji, a nasi projektanci przygotuj\u0105 spersonalizowan\u0105 ofert\u0119 dla Ciebie. Omawiamy szczeg\u00f3\u0142y wyko\u0144czenia takie jak rodzaj u\u017cytego drewna i kolor bejcy. Po kilku tygodniach dostarczamy Tw\u00f3j dedykowany zestaw paneli akustycznych.<\/p><p>Wsp\u00f3\u0142pracujemy r\u00f3wnie\u017c z firmami realizuj\u0105cymi du\u017ce inwestycje publiczne. Jeste\u015bmy w stanie dostosowa\u0107 nasze produkty do wymaga\u0144 przeciwpo\u017carowych budynk\u00f3w u\u017cyteczno\u015bci publicznej <strong>(b-s1, d0)<\/strong>. Omawiamy i dostosowujemy specyfikacj\u0119 materia\u0142u i wyko\u0144czenia do wymaga\u0144 inwestora.<\/p><p>Wszystkie nasze produkty wykonane s\u0105 z wyselekcjonowanych materia\u0142\u00f3w produkowanych w Europie. Korzystamy ze sprawdzonych i zaufanych dostawc\u00f3w. Drewno u\u017cyte do produkcji paneli pochodzi z polskich las\u00f3w, z rosn\u0105cych tam brz\u00f3z, buk\u00f3w i d\u0119b\u00f3w. <\/p><p>Naszym podstawowym materia\u0142em poch\u0142aniaj\u0105cym s\u0105 p\u0142yty z mocno skompresowanej we\u0142ny poliestrowej zaprojektowanej specjalnie do cel\u00f3w akustycznych \u2013 stawiamy na najnowocze\u015bniejsze rozwi\u0105zania w tym zakresie i oferujemy najbardziej wymagaj\u0105cym klientom najlepsze dost\u0119pne obecnie absorbery. Wolne od szkodliwych substancji i produkowane bez dodatk\u00f3w chemicznych, panele te nie stwarzaj\u0105 zagro\u017cenia dla zdrowia monter\u00f3w i u\u017cytkownik\u00f3w..<\/p><p>Orders \/ Zam\u00f3wienia: orders@sevenaudio.eu<\/p>","protected":false},"excerpt":{"rendered":"<p>How it&#8217;s working? You send us photos, description or acoustic project of your room and our acoustics specialists create a personalized offer for you. We discuss the finishing details, such as the type of wood or the color of the stain. After a few weeks, we deliver your personalized set of acoustic panels to your &hellip; <\/p>\n<p class=\"link-more\"><a href=\"https:\/\/sevenaudio.eu\/?page_id=10\" class=\"more-link\">Continue reading<span class=\"screen-reader-text\"> &#8220;Info&#8221;<\/span><\/a><\/p>\n","protected":false},"author":1,"featured_media":215,"parent":0,"menu_order":0,"comment_status":"closed","ping_status":"closed","template":"","meta":{"footnotes":""},"class_list":["post-10","page","type-page","status-publish","has-post-thumbnail","hentry"],"_links":{"self":[{"href":"https:\/\/sevenaudio.eu\/index.php?rest_route=\/wp\/v2\/pages\/10","targetHints":{"allow":["GET"]}}],"collection":[{"href":"https:\/\/sevenaudio.eu\/index.php?rest_route=\/wp\/v2\/pages"}],"about":[{"href":"https:\/\/sevenaudio.eu\/index.php?rest_route=\/wp\/v2\/types\/page"}],"author":[{"embeddable":true,"href":"https:\/\/sevenaudio.eu\/index.php?rest_route=\/wp\/v2\/users\/1"}],"replies":[{"embeddable":true,"href":"https:\/\/sevenaudio.eu\/index.php?rest_route=%2Fwp%2Fv2%2Fcomments&post=10"}],"version-history":[{"count":12,"href":"https:\/\/sevenaudio.eu\/index.php?rest_route=\/wp\/v2\/pages\/10\/revisions"}],"predecessor-version":[{"id":806,"href":"https:\/\/sevenaudio.eu\/index.php?rest_route=\/wp\/v2\/pages\/10\/revisions\/806"}],"wp:featuredmedia":[{"embeddable":true,"href":"https:\/\/sevenaudio.eu\/index.php?rest_route=\/wp\/v2\/media\/215"}],"wp:attachment":[{"href":"https:\/\/sevenaudio.eu\/index.php?rest_route=%2Fwp%2Fv2%2Fmedia&parent=10"}],"curies":[{"name":"wp","href":"https:\/\/api.w.org\/{rel}","templated":true}]}}