{"id":307,"date":"2024-01-10T20:37:48","date_gmt":"2024-01-10T19:37:48","guid":{"rendered":"https:\/\/sevenaudio.eu\/?page_id=307"},"modified":"2024-01-11T22:12:50","modified_gmt":"2024-01-11T21:12:50","slug":"polityka-prywatnosci-2","status":"publish","type":"page","link":"https:\/\/sevenaudio.eu\/?page_id=307","title":{"rendered":"Polityka prywatno\u015bci"},"content":{"rendered":"<h2 class=\"wp-block-heading has-medium-font-size\"><\/h2><div class=\"wp-block-group is-vertical is-layout-flex wp-container-core-group-is-layout-8cf370e7 wp-block-group-is-layout-flex\"><p class=\"has-small-font-size\">Seven Audio<\/p>\n\n<p class=\"has-small-font-size\">Lipowa 4<\/p>\n\n<p class=\"has-small-font-size\">84-300 L\u0119bork<\/p>\n\n<p class=\"has-small-font-size\">NIP: 8411720823<\/p>\n\n<p class=\"has-small-font-size\">REGON: 367314010<\/p><\/div><p><\/p><ol class=\"wp-block-list\"><li class=\"has-small-font-size\">Informacje og\u00f3lne<br>Niniejsza Polityka Prywatno\u015bci okre\u015bla zasady przetwarzania i ochrony danych osobowych<br>przekazanych przez U\u017cytkownik\u00f3w w zwi\u0105zku z korzystaniem przez nich z us\u0142ug<br>oferowanych przez serwis. <\/li>\n\n<li class=\"has-small-font-size\">Administratorem danych osobowych zawartych w serwisie jest<br>Seven Audio \u0141ukasz Spoczy\u0144ski z siedzib\u0105 w L\u0119borku, 84-300, Lipowa 4.<br>NIP: 8411720823 REGON: 367314010. <\/li>\n\n<li class=\"has-small-font-size\">W trosce o bezpiecze\u0144stwo powierzonych nam danych opracowali\u015bmy wewn\u0119trzne<br>procedury i zalecenia, kt\u00f3re maj\u0105 zapobiec udost\u0119pnieniu danych osobom<br>nieupowa\u017cnionym. Kontrolujemy ich wykonywanie i stale sprawdzamy ich zgodno\u015b\u0107 z<br>odpowiednimi aktami prawnymi &#8211; ustaw\u0105 o ochronie danych osobowych, ustaw\u0105 o<br>\u015bwiadczeniu us\u0142ug drog\u0105 elektroniczn\u0105, a tak\u017ce wszelkiego rodzaju aktach wykonawczych i<br>aktach prawa wsp\u00f3lnotowego.<\/li>\n\n<li class=\"has-small-font-size\">Dane Osobowe przetwarzane s\u0105 na podstawie zgody wyra\u017canej przez U\u017cytkownika oraz<br>w przypadkach, w kt\u00f3rych przepisy prawa upowa\u017cniaj\u0105 Administratora do przetwarzania<br>danych osobowych na podstawie przepis\u00f3w prawa lub w celu realizacji zawartej pomi\u0119dzy<br>stronami umowy.<\/li>\n\n<li class=\"has-small-font-size\">Serwis realizuje funkcje pozyskiwania informacji o u\u017cytkownikach i ich zachowaniach w<br>nast\u0119puj\u0105cy spos\u00f3b:<br>a) poprzez dobrowolnie wprowadzone w formularzach informacje<br>b) poprzez gromadzenie plik\u00f3w \u201ccookies\u201d [patrz polityka plik\u00f3w \u201ccookies\u201d].<\/li>\n\n<li class=\"has-small-font-size\">Serwis zbiera informacje dobrowolnie podane przez u\u017cytkownika.<\/li>\n\n<li class=\"has-small-font-size\">Dane podane w formularzu s\u0105 przetwarzane w celu wynikaj\u0105cym z funkcji konkretnego<br>formularza np. w celu dokonania procesu obs\u0142ugi kontaktu informacyjnego.<\/li>\n\n<li class=\"has-small-font-size\">Dane osobowe pozostawione w serwisie nie zostan\u0105 sprzedane ani udost\u0119pnione<br>osobom trzecim, zgodnie z przepisami Ustawy o ochronie danych osobowych.<\/li>\n\n<li class=\"has-small-font-size\">Do danych zawartych w formularzu przys\u0142uguje wgl\u0105d osobie fizycznej, kt\u00f3ra je tam<br>umie\u015bci\u0142a. Osoba ta ma r\u00f3wnie\u017c praw do modyfikacji i zaprzestania przetwarzania swoich<br>danych w dowolnym momencie.<\/li>\n\n<li class=\"has-small-font-size\">Zastrzegamy sobie prawo do zmiany w polityce ochrony prywatno\u015bci serwisu, na kt\u00f3re<br>mo\u017ce wp\u0142yn\u0105\u0107 rozw\u00f3j technologii internetowej, ewentualne zmiany prawa w zakresie<br>ochrony danych osobowych oraz rozw\u00f3j naszego serwisu internetowego. O wszelkich<br>zmianach b\u0119dziemy informowa\u0107 w spos\u00f3b widoczny i zrozumia\u0142y.<\/li>\n\n<li class=\"has-small-font-size\">W Serwisie mog\u0105 pojawia\u0107 si\u0119 linki do innych stron internetowych. Takie strony<br>internetowe dzia\u0142aj\u0105 niezale\u017cnie od Serwisu i nie s\u0105 w \u017caden spos\u00f3b nadzorowane przez<br>serwis sevenaudio.eu. Strony te mog\u0105 posiada\u0107 w\u0142asne polityki dotycz\u0105ce prywatno\u015bci oraz<br>regulaminy, z kt\u00f3rymi zalecamy si\u0119 zapozna\u0107.<br>W razie w\u0105tpliwo\u015bci co kt\u00f3regokolwiek z zapis\u00f3w niniejszej polityki prywatno\u015bci jeste\u015bmy do dyspozycji &#8211; nasze dane znale\u017a\u0107 mo\u017cna w zak\u0142adce &#8211; KONTAKT.<\/li><\/ol>","protected":false},"excerpt":{"rendered":"<p>Seven Audio Lipowa 4 84-300 L\u0119bork NIP: 8411720823 REGON: 367314010<\/p>\n","protected":false},"author":1,"featured_media":0,"parent":0,"menu_order":0,"comment_status":"closed","ping_status":"closed","template":"","meta":{"footnotes":""},"class_list":["post-307","page","type-page","status-publish","hentry"],"_links":{"self":[{"href":"https:\/\/sevenaudio.eu\/index.php?rest_route=\/wp\/v2\/pages\/307","targetHints":{"allow":["GET"]}}],"collection":[{"href":"https:\/\/sevenaudio.eu\/index.php?rest_route=\/wp\/v2\/pages"}],"about":[{"href":"https:\/\/sevenaudio.eu\/index.php?rest_route=\/wp\/v2\/types\/page"}],"author":[{"embeddable":true,"href":"https:\/\/sevenaudio.eu\/index.php?rest_route=\/wp\/v2\/users\/1"}],"replies":[{"embeddable":true,"href":"https:\/\/sevenaudio.eu\/index.php?rest_route=%2Fwp%2Fv2%2Fcomments&post=307"}],"version-history":[{"count":5,"href":"https:\/\/sevenaudio.eu\/index.php?rest_route=\/wp\/v2\/pages\/307\/revisions"}],"predecessor-version":[{"id":369,"href":"https:\/\/sevenaudio.eu\/index.php?rest_route=\/wp\/v2\/pages\/307\/revisions\/369"}],"wp:attachment":[{"href":"https:\/\/sevenaudio.eu\/index.php?rest_route=%2Fwp%2Fv2%2Fmedia&parent=307"}],"curies":[{"name":"wp","href":"https:\/\/api.w.org\/{rel}","templated":true}]}}