{"id":9,"date":"2022-10-18T15:43:06","date_gmt":"2022-10-18T13:43:06","guid":{"rendered":"https:\/\/sevenaudio.eu\/?page_id=9"},"modified":"2024-02-01T03:50:47","modified_gmt":"2024-02-01T02:50:47","slug":"strona-glowna","status":"publish","type":"page","link":"https:\/\/sevenaudio.eu\/","title":{"rendered":"HELLO!"},"content":{"rendered":"<p>We offer professionally designed acoustic panels for studio and home theater needs. All made in Europe, Poland.<\/p><p>Oferujemy rozwi\u0105zania akustyczne dla studi\u00f3w nagraniowych, lektorskich, radiowych, telewizyjnych, biur, salek pr\u00f3b, kin domowych i muzycznych salon\u00f3w ods\u0142uchowych hi-fi. Wsz\u0119dzie tam, gdzie potrzebna jest poprawa jako\u015bci odtwarzanego lub nagrywanego d\u017awi\u0119ku.<\/p>","protected":false},"excerpt":{"rendered":"<p>We offer professionally designed acoustic panels for studio and home theater needs. All made in Europe, Poland. Oferujemy rozwi\u0105zania akustyczne dla studi\u00f3w nagraniowych, lektorskich, radiowych, telewizyjnych, biur, salek pr\u00f3b, kin domowych i muzycznych salon\u00f3w ods\u0142uchowych hi-fi. Wsz\u0119dzie tam, gdzie potrzebna jest poprawa jako\u015bci odtwarzanego lub nagrywanego d\u017awi\u0119ku.<\/p>\n","protected":false},"author":1,"featured_media":428,"parent":0,"menu_order":0,"comment_status":"closed","ping_status":"closed","template":"","meta":{"footnotes":""},"class_list":["post-9","page","type-page","status-publish","has-post-thumbnail","hentry"],"_links":{"self":[{"href":"https:\/\/sevenaudio.eu\/index.php?rest_route=\/wp\/v2\/pages\/9","targetHints":{"allow":["GET"]}}],"collection":[{"href":"https:\/\/sevenaudio.eu\/index.php?rest_route=\/wp\/v2\/pages"}],"about":[{"href":"https:\/\/sevenaudio.eu\/index.php?rest_route=\/wp\/v2\/types\/page"}],"author":[{"embeddable":true,"href":"https:\/\/sevenaudio.eu\/index.php?rest_route=\/wp\/v2\/users\/1"}],"replies":[{"embeddable":true,"href":"https:\/\/sevenaudio.eu\/index.php?rest_route=%2Fwp%2Fv2%2Fcomments&post=9"}],"version-history":[{"count":13,"href":"https:\/\/sevenaudio.eu\/index.php?rest_route=\/wp\/v2\/pages\/9\/revisions"}],"predecessor-version":[{"id":406,"href":"https:\/\/sevenaudio.eu\/index.php?rest_route=\/wp\/v2\/pages\/9\/revisions\/406"}],"wp:featuredmedia":[{"embeddable":true,"href":"https:\/\/sevenaudio.eu\/index.php?rest_route=\/wp\/v2\/media\/428"}],"wp:attachment":[{"href":"https:\/\/sevenaudio.eu\/index.php?rest_route=%2Fwp%2Fv2%2Fmedia&parent=9"}],"curies":[{"name":"wp","href":"https:\/\/api.w.org\/{rel}","templated":true}]}}