{"id":154,"date":"2022-10-28T02:25:45","date_gmt":"2022-10-28T00:25:45","guid":{"rendered":"https:\/\/sevenaudio.eu\/?post_type=product&#038;p=154"},"modified":"2026-02-06T14:42:45","modified_gmt":"2026-02-06T13:42:45","slug":"154","status":"publish","type":"product","link":"https:\/\/sevenaudio.eu\/?product=154","title":{"rendered":"Absorber Wood Pro"},"content":{"rendered":"<p><b>Profesjonalny absorber szerokopasmowy<\/b>\u00a0&#8211; zaawansowana hybrydowa konstrukcja , wysoka precyzja i jako\u015b\u0107 wykonania.<\/p>\n<p>Panel \u015bcienny poch\u0142ania szerokopasmowo w zakresie\u00a0<b>100-20000 Hz<\/b>. W przeciwie\u0144stwie do paneli wype\u0142nionych we\u0142n\u0105 mineraln\u0105 lub szklan\u0105 tutaj podstawowym materia\u0142em poch\u0142aniaj\u0105cym s\u0105 p\u0142yty z\u00a0<b>bardzo g\u0119stej, sprasowanej we\u0142ny z w\u0142\u00f3kien poliestrowych<\/b>, nowoczesny materia\u0142 o doskona\u0142ych parametrach akustycznych,\u00a0<b>neutralny dla zdrowia<\/b>,\u00a0<b>niepyl\u0105cy<\/b>,\u00a0<b>bezzapachowy<\/b>,\u00a0<b>niech\u0142on\u0105cy wilgoci<\/b>,\u00a0<b>trudnopalny<\/b>, posiadaj\u0105cy\u00a0<b>atesty<\/b>\u00a0do stosowania wewn\u0105trz pomieszcze\u0144.<\/p>\n<p>Aby zachowa\u0107 prawid\u0142owy balans w ca\u0142ym pa\u015bmie muzycznym t\u0142umienie wy\u017cszych cz\u0119stotliwo\u015bci jest ograniczone p\u0142askim dyfuzorem na powierzchni &#8211; pomieszczenie pozostaje \u017cywe i d\u017awi\u0119czne. Fronty wykonane z komputerow\u0105 precyzj\u0105 ze sklejki bukowej lub d\u0119bowej 5 mm dwukrotnie lakierowanej.<\/p>\n<p>Cienka na 5 mm warstwa szarej pianki poliuretanowej w szczelinach dyfuzora ochrania bia\u0142\u0105, poliestrow\u0105 p\u0142yt\u0119 przed kurzem i ewentualnym zabrudzeniem.<\/p>\n<p>Rama to solidna konstrukcja z wysokiej jako\u015bci laminowanej p\u0142yty meblowej oraz sklejki. Taka obudowa oparta na g\u0142adkich, meblowych powierzchniach u\u0142atwia utrzymanie panelu w czysto\u015bci.<\/p>\n<p>Panele Absorber Wood Pro przeznaczone s\u0105 do adaptacji pomieszcze\u0144 ods\u0142uchowych takich jak np. studia nagra\u0144 czy salony ods\u0142uchowe. Dzi\u0119ki po\u0142\u0105czeniu funkcji poch\u0142aniania oraz rozpraszania d\u017awi\u0119ku zapewniaj\u0105 one wysoki przyrost jako\u015bci akustycznej w adaptowanym pokoju, nie powoduj\u0105c nadmiernego przyt\u0142umienia d\u017awi\u0119ku.<\/p>\n","protected":false},"excerpt":{"rendered":"<p><b>Specyfikacja:<\/b><\/p>\n<ul>\n<li><b>Szerokopasmowy<\/b>\u00a0panel poch\u0142aniaj\u0105co &#8211; rozpraszaj\u0105cy<\/li>\n<li>Rdze\u0144 stanowi sprasowana, nowoczesna\u00a0<b>we\u0142na poliestrowa o du\u017cej g\u0119sto\u015bci 80\u00a0 kg\/m3<\/b><\/li>\n<li>Konstrukcja ramy z wysokiej jako\u015bci,\u00a0<b>estetycznej<\/b>\u00a0<b>p\u0142yty meblowej i sklejki<\/b><\/li>\n<li>Front z\u00a0<b>dwukrotnie<\/b>\u00a0<b>lakierowanej<\/b>\u00a0<b>sklejki bukowej lub d\u0119bowej 1 klasy<\/b><\/li>\n<li>Precyzyjnie\u00a0<b>frezowana perforacja<\/b>\u00a0zapewnia\u00a0<b>zbalansowane<\/b>\u00a0rozproszenie fal o wysokiej cz\u0119stotliwo\u015bci<\/li>\n<li>Kolor frontu: buk naturalny, d\u0105b antyczny, d\u0105b jasny, orzech, palisander, bia\u0142a bejca, czarna bejca<\/li>\n<li>Zakres absorpcji:\u00a0<b>100-20000 Hz<\/b><\/li>\n<li>4 warianty rozmiarowe:\u00a0 <b>120 x 60 x 11,5 cm \/ 120 x 60 x 6,5 cm \/ 60 x 60 x 11,5 cm \/ 60 x 60 x 6,5 cm<\/b><\/li>\n<li>Waga: ok.<b>12 kg lub 7 kg<\/b><\/li>\n<\/ul>\n","protected":false},"featured_media":426,"comment_status":"open","ping_status":"closed","template":"","meta":[],"product_brand":[],"product_cat":[22],"product_tag":[],"class_list":{"0":"post-154","1":"product","2":"type-product","3":"status-publish","4":"has-post-thumbnail","6":"product_cat-absorbery","8":"first","9":"instock","10":"shipping-taxable","11":"purchasable","12":"product-type-variable"},"_links":{"self":[{"href":"https:\/\/sevenaudio.eu\/index.php?rest_route=\/wp\/v2\/product\/154","targetHints":{"allow":["GET"]}}],"collection":[{"href":"https:\/\/sevenaudio.eu\/index.php?rest_route=\/wp\/v2\/product"}],"about":[{"href":"https:\/\/sevenaudio.eu\/index.php?rest_route=\/wp\/v2\/types\/product"}],"replies":[{"embeddable":true,"href":"https:\/\/sevenaudio.eu\/index.php?rest_route=%2Fwp%2Fv2%2Fcomments&post=154"}],"wp:featuredmedia":[{"embeddable":true,"href":"https:\/\/sevenaudio.eu\/index.php?rest_route=\/wp\/v2\/media\/426"}],"wp:attachment":[{"href":"https:\/\/sevenaudio.eu\/index.php?rest_route=%2Fwp%2Fv2%2Fmedia&parent=154"}],"wp:term":[{"taxonomy":"product_brand","embeddable":true,"href":"https:\/\/sevenaudio.eu\/index.php?rest_route=%2Fwp%2Fv2%2Fproduct_brand&post=154"},{"taxonomy":"product_cat","embeddable":true,"href":"https:\/\/sevenaudio.eu\/index.php?rest_route=%2Fwp%2Fv2%2Fproduct_cat&post=154"},{"taxonomy":"product_tag","embeddable":true,"href":"https:\/\/sevenaudio.eu\/index.php?rest_route=%2Fwp%2Fv2%2Fproduct_tag&post=154"}],"curies":[{"name":"wp","href":"https:\/\/api.w.org\/{rel}","templated":true}]}}