{"id":168,"date":"2022-10-28T02:37:07","date_gmt":"2022-10-28T00:37:07","guid":{"rendered":"https:\/\/sevenaudio.eu\/?post_type=product&#038;p=168"},"modified":"2025-09-30T19:12:27","modified_gmt":"2025-09-30T17:12:27","slug":"168","status":"publish","type":"product","link":"https:\/\/sevenaudio.eu\/?product=168","title":{"rendered":"Diffuser 2D N7x2"},"content":{"rendered":"<p><b>Profesjonalny dyfuzor akustyczny\u00a0<\/b>&#8211; zaawansowana konstrukcja , wysoka jako\u015b\u0107 wykonania.<\/p>\n<p>Dyfuzor 2D N7x2 bazuje na matematycznym wzorze Schroedera opartym na liczbie N7 &#8211; panel akustyczny rozpraszaj\u0105cy wszechkierunkowo (sferycznie) fale d\u017awi\u0119kowe.<\/p>\n<p>Jest to najefektywniejszy typ panelu rozpraszaj\u0105cego, oparty na matematycznym, dwuwymiarowym modelu Schroedera QRD 2D. Tego typu dyfuzory s\u0105 wydajniejsze od innych modeli 2D Skyline.<\/p>\n<p>Znajduje swoje zastosowanie m.in. na tylnej lub przedniej \u015bcianie pomieszczenia ods\u0142uchowego.<\/p>\n<p>Konstrukcja panelu to dwa dyfuzory dwuwymiarowe (2D) o liczbie projektowej N7(+1). Mo\u017cna stosowa\u0107 w pionie lub poziomie. Panele dyfuzyjne s\u0105 najbardziej skuteczne w miejscach pierwszych odbi\u0107, szczeg\u00f3lnie tam, gdzie k\u0105t padania fali d\u017awi\u0119kowej jest najmniejszy.<\/p>\n","protected":false},"excerpt":{"rendered":"<p><strong>Specyfikacja:<\/strong><\/p>\n<ul>\n<li><b>Panel rozpraszaj\u0105cy fale d\u017awi\u0119kowe<\/b><\/li>\n<li><b>Solidne wykonanie<\/b><\/li>\n<li>Konstrukcja ramy z wysokiej jako\u015bci,\u00a0<b>estetycznej<\/b>\u00a0<b>p\u0142yty meblowej<\/b><\/li>\n<li>Kratownica oraz wewn\u0119trzne p\u0142ytki ze\u00a0<b>szlifowanej\u00a0<\/b>oraz\u00a0<b>dwukrotnie<\/b>\u00a0<b>lakierowanej<\/b>\u00a0sklejki brzozowej o gr. 4 mm<\/li>\n<li><b>Precyzyjne<\/b>\u00a0spasowanie element\u00f3w dyfuzora<\/li>\n<li>Kolor:\u00a0<b>naturalna sklejka brzozowa, rama d\u0105b antyczny lub d\u0105b jasny<\/b><\/li>\n<li>Pe\u0142en zakres rozpraszania:\u00a0<b>737 Hz &#8211; 2687 Hz<\/b><\/li>\n<li>Zakres dyfuzji:<b>\u00a01475 Hz &#8211; 2687 Hz<\/b><\/li>\n<li>Ilo\u015b\u0107 studni: 128<\/li>\n<li>Wymiary studni:<b>\u00a06,4 x 6,4 x 10 cm\u00a0<\/b>(najwi\u0119ksza g\u0142\u0119boko\u015b\u0107)<\/li>\n<li>Ca\u0142kowite wymiary panelu:\u00a0<b>114 x 59 x 11,7 cm<\/b><\/li>\n<li>Waga: ok.<b>15 kg<\/b><\/li>\n<\/ul>\n","protected":false},"featured_media":169,"comment_status":"open","ping_status":"closed","template":"","meta":[],"product_brand":[],"product_cat":[19],"product_tag":[],"class_list":{"0":"post-168","1":"product","2":"type-product","3":"status-publish","4":"has-post-thumbnail","6":"product_cat-dyfuzory-akustyczne","8":"first","9":"onbackorder","10":"shipping-taxable","11":"purchasable","12":"product-type-simple"},"_links":{"self":[{"href":"https:\/\/sevenaudio.eu\/index.php?rest_route=\/wp\/v2\/product\/168","targetHints":{"allow":["GET"]}}],"collection":[{"href":"https:\/\/sevenaudio.eu\/index.php?rest_route=\/wp\/v2\/product"}],"about":[{"href":"https:\/\/sevenaudio.eu\/index.php?rest_route=\/wp\/v2\/types\/product"}],"replies":[{"embeddable":true,"href":"https:\/\/sevenaudio.eu\/index.php?rest_route=%2Fwp%2Fv2%2Fcomments&post=168"}],"wp:featuredmedia":[{"embeddable":true,"href":"https:\/\/sevenaudio.eu\/index.php?rest_route=\/wp\/v2\/media\/169"}],"wp:attachment":[{"href":"https:\/\/sevenaudio.eu\/index.php?rest_route=%2Fwp%2Fv2%2Fmedia&parent=168"}],"wp:term":[{"taxonomy":"product_brand","embeddable":true,"href":"https:\/\/sevenaudio.eu\/index.php?rest_route=%2Fwp%2Fv2%2Fproduct_brand&post=168"},{"taxonomy":"product_cat","embeddable":true,"href":"https:\/\/sevenaudio.eu\/index.php?rest_route=%2Fwp%2Fv2%2Fproduct_cat&post=168"},{"taxonomy":"product_tag","embeddable":true,"href":"https:\/\/sevenaudio.eu\/index.php?rest_route=%2Fwp%2Fv2%2Fproduct_tag&post=168"}],"curies":[{"name":"wp","href":"https:\/\/api.w.org\/{rel}","templated":true}]}}