{"id":178,"date":"2022-12-03T02:16:48","date_gmt":"2022-12-03T01:16:48","guid":{"rendered":"https:\/\/sevenaudio.eu\/?post_type=product&#038;p=178"},"modified":"2025-06-23T16:37:56","modified_gmt":"2025-06-23T14:37:56","slug":"absorber-cloud-pro","status":"publish","type":"product","link":"https:\/\/sevenaudio.eu\/?product=absorber-cloud-pro","title":{"rendered":"Absorber Cloud Pro"},"content":{"rendered":"<p><b>Szerokopasmowy panel poch\u0142aniaj\u0105cy o doskona\u0142ych w\u0142a\u015bciwo\u015bciach u\u017cytkowych.<\/b><\/p>\n<p>Najprostszy i najskuteczniejszy spos\u00f3b do\u00a0<b>akustycznej adaptacji sufitu<\/b>.<\/p>\n<p>Niezwykle wydajna, lekka, bezpieczna dla zdrowia konstrukcja. Precyzyjne, wysokiej jako\u015bci wykonanie.<\/p>\n<p>Panel Cloud Pro poch\u0142ania szerokopasmowo w zakresie\u00a0<b>100-20000 Hz<\/b>. W przeciwie\u0144stwie do popularnych paneli wype\u0142nionych we\u0142n\u0105 mineraln\u0105 lub szklan\u0105 tutaj materia\u0142em poch\u0142aniaj\u0105cym jest<b>\u00a0sprasowana we\u0142na z w\u0142\u00f3kien poliestrowych<\/b>, nowoczesny materia\u0142 o doskona\u0142ych parametrach akustycznych,\u00a0<b>neutralny dla zdrowia<\/b>,\u00a0<b>niepyl\u0105cy<\/b>,\u00a0<b>bezzapachowy<\/b>,\u00a0<b>niech\u0142on\u0105cy wilgoci<\/b>,\u00a0<b>trudnopalny<\/b>, posiadaj\u0105cy\u00a0<b>atesty<\/b>\u00a0do stosowania wewn\u0105trz pomieszcze\u0144. Panele s\u0105 precyzyjnie doci\u0119te. Poprzez zastosowanie nowej technologii produkcji panel jest g\u0142adki powierzchniowo, nie ma tu mowy o \u017cadnym pyleniu czy w\u0142oskach jak w przypadku filcu.<\/p>\n<p>Panele Absorber Pro przeznaczone s\u0105 do adaptacji pomieszcze\u0144 ods\u0142uchowych takich jak np. studia nagra\u0144 czy salony ods\u0142uchowe. Zapewniaj\u0105 wysoki przyrost jako\u015bci akustycznej w adaptowanej przestrzeni, nie powoduj\u0105c nadmiernego przyt\u0142umienia wysokich cz\u0119stotliwo\u015bci d\u017awi\u0119ku.<\/p>\n<p>Opcjonalny<b>\u00a0czarny kolor<\/b>\u00a0sprawia, \u017ce idealnie sprawdzaj\u0105 si\u0119 np. w kinach domowych , salach projekcyjnych, zapewniaj\u0105c przy tym doskona\u0142e zaciemnienie powierzchni \u015bciany.<\/p>\n<p>W ofercie jest tak\u017ce du\u017cy panel tego typu w rozmiarze 1800x1200x50 mm i cenie 1299 z\u0142, kt\u00f3ry sprawdzi si\u0119 zar\u00f3wno jako p\u0142aski, <b>sztywny ekran projekcyjny<\/b>, a jednocze\u015bnie b\u0119dzie absorberem akustycznym o du\u017cej powierzchni!<\/p>\n<p>Wykresy na\u00a0\u00a0ostatnim zdj\u0119ciu przedstawia pomierzone laboratoryjnie warto\u015bci pog\u0142osowego wsp\u00f3\u0142czynnika poch\u0142aniania d\u017awi\u0119ku dla monta\u017cu bezpo\u015brednio na suficie oraz dla monta\u017cu z odst\u0119pem 200 mm od sufitu (wi\u0119ksze poch\u0142anianie niskich cz\u0119stotliwo\u015bci).<\/p>\n","protected":false},"excerpt":{"rendered":"<p><b>Specyfikacja:<\/b><\/p>\n<ul>\n<li><b>Szerokopasmowy<\/b>\u00a0panel poch\u0142aniaj\u0105cy<\/li>\n<li>Rdze\u0144 stanowi sprasowana, nowoczesna\u00a0<b>we\u0142na poliestrowa o du\u017cej g\u0119sto\u015bci 50 kg\/m3 <\/b>i grubo\u015bci\u00a0<b>50 mm<\/b><\/li>\n<li><b>Precyzyjne, wysokiej jako\u015bci formatowanie<\/b><\/li>\n<li><b>Niepyl\u0105cy, bezzapachowy, hydrofobowy, bezpieczny dla zdrowia<\/b><\/li>\n<li><b>Ko\u0142ki i haczyki monta\u017cowe<\/b>\u00a0do powieszenia pod sufitem<\/li>\n<li>Kolor: bia\u0142y, szary, czarny<\/li>\n<li>Zakres absorpcji:\u00a0<b>100-20000 Hz<\/b><\/li>\n<li>Ca\u0142kowite wymiary panelu:\u00a0<b>120 x 60 x 5 cm<\/b><\/li>\n<li>Waga: ok.<b>2 kg \/ szt.<\/b><\/li>\n<li><b>Cena za 1 szt.<\/b><\/li>\n<\/ul>\n","protected":false},"featured_media":286,"comment_status":"open","ping_status":"closed","template":"","meta":[],"product_brand":[],"product_cat":[22],"product_tag":[],"class_list":{"0":"post-178","1":"product","2":"type-product","3":"status-publish","4":"has-post-thumbnail","6":"product_cat-absorbery","7":"product_shipping_class-vibro-stand-pro","9":"first","10":"instock","11":"shipping-taxable","12":"purchasable","13":"product-type-variable","14":"has-default-attributes"},"_links":{"self":[{"href":"https:\/\/sevenaudio.eu\/index.php?rest_route=\/wp\/v2\/product\/178","targetHints":{"allow":["GET"]}}],"collection":[{"href":"https:\/\/sevenaudio.eu\/index.php?rest_route=\/wp\/v2\/product"}],"about":[{"href":"https:\/\/sevenaudio.eu\/index.php?rest_route=\/wp\/v2\/types\/product"}],"replies":[{"embeddable":true,"href":"https:\/\/sevenaudio.eu\/index.php?rest_route=%2Fwp%2Fv2%2Fcomments&post=178"}],"wp:featuredmedia":[{"embeddable":true,"href":"https:\/\/sevenaudio.eu\/index.php?rest_route=\/wp\/v2\/media\/286"}],"wp:attachment":[{"href":"https:\/\/sevenaudio.eu\/index.php?rest_route=%2Fwp%2Fv2%2Fmedia&parent=178"}],"wp:term":[{"taxonomy":"product_brand","embeddable":true,"href":"https:\/\/sevenaudio.eu\/index.php?rest_route=%2Fwp%2Fv2%2Fproduct_brand&post=178"},{"taxonomy":"product_cat","embeddable":true,"href":"https:\/\/sevenaudio.eu\/index.php?rest_route=%2Fwp%2Fv2%2Fproduct_cat&post=178"},{"taxonomy":"product_tag","embeddable":true,"href":"https:\/\/sevenaudio.eu\/index.php?rest_route=%2Fwp%2Fv2%2Fproduct_tag&post=178"}],"curies":[{"name":"wp","href":"https:\/\/api.w.org\/{rel}","templated":true}]}}