{"id":195,"date":"2023-04-07T04:56:28","date_gmt":"2023-04-07T02:56:28","guid":{"rendered":"https:\/\/sevenaudio.eu\/?post_type=product&#038;p=195"},"modified":"2025-06-23T16:51:32","modified_gmt":"2025-06-23T14:51:32","slug":"absorber-wall-pro","status":"publish","type":"product","link":"https:\/\/sevenaudio.eu\/?product=absorber-wall-pro","title":{"rendered":"Absorber Wall Pro"},"content":{"rendered":"<p><b>Szerokopasmowy panel poch\u0142aniaj\u0105cy o doskona\u0142ych w\u0142a\u015bciwo\u015bciach u\u017cytkowych i estetycznych.<\/b><\/p>\n<p>Najprostszy i najskuteczniejszy spos\u00f3b do\u00a0<b>akustycznej adaptacji i dekoracji \u015bciany pokoju ods\u0142uchowego<\/b>.<\/p>\n<p>Niezwykle wydajna, lekka, bezpieczna dla zdrowia konstrukcja. Precyzyjne, wysokiej jako\u015bci wykonanie.<\/p>\n<p>Panel WallPro poch\u0142ania szerokopasmowo w zakresie\u00a0<b>100-20000 Hz<\/b>. W przeciwie\u0144stwie do popularnych paneli wype\u0142nionych we\u0142n\u0105 mineraln\u0105 lub szklan\u0105 tutaj materia\u0142em poch\u0142aniaj\u0105cym jest<b>\u00a0sprasowana we\u0142na z w\u0142\u00f3kien poliestrowych<\/b>, nowoczesny materia\u0142 o doskona\u0142ych parametrach akustycznych,\u00a0<b>neutralny dla zdrowia<\/b>,\u00a0<b>niepyl\u0105cy<\/b>,\u00a0<b>bezzapachowy<\/b>,\u00a0<b>niech\u0142on\u0105cy wilgoci<\/b>,\u00a0<b>trudnopalny<\/b>, posiadaj\u0105cy\u00a0<b>atesty<\/b>\u00a0do stosowania wewn\u0105trz pomieszcze\u0144. Panele s\u0105 precyzyjnie doci\u0119te. Poprzez zastosowanie nowej technologii produkcji panel jest g\u0142adki powierzchniowo, nie ma tu mowy o \u017cadnym pyleniu czy w\u0142oskach jak w przypadku filcu.<\/p>\n<p>Panele Wall Pro przeznaczone s\u0105 do adaptacji pomieszcze\u0144 ods\u0142uchowych takich jak np. studia nagra\u0144 czy salony ods\u0142uchowe. Zapewniaj\u0105 wysoki przyrost jako\u015bci akustycznej w adaptowanej przestrzeni, nie powoduj\u0105c nadmiernego przyt\u0142umienia wysokich cz\u0119stotliwo\u015bci d\u017awi\u0119ku.<\/p>\n<p>Wykresy na\u00a0\u00a0ostatnim zdj\u0119ciu przedstawia pomierzone laboratoryjnie warto\u015bci pog\u0142osowego wsp\u00f3\u0142czynnika poch\u0142aniania d\u017awi\u0119ku dla monta\u017cu bezpo\u015brednio na suficie oraz dla monta\u017cu z odst\u0119pem 200 mm od sufitu (wi\u0119ksze poch\u0142anianie niskich cz\u0119stotliwo\u015bci).<\/p>\n<p>&nbsp;<\/p>\n","protected":false},"excerpt":{"rendered":"<p><b>Specyfikacja:<\/b><\/p>\n<ul>\n<li><b>Szerokopasmowy<\/b>\u00a0panel poch\u0142aniaj\u0105cy<\/li>\n<li>Rdze\u0144 stanowi sprasowana, nowoczesna\u00a0<b>we\u0142na poliestrowa o du\u017cej g\u0119sto\u015bci 50 kg\/m3\u00a0<\/b>i grubo\u015bci\u00a0<b>50 mm<\/b><\/li>\n<li><b>Niepyl\u0105cy, bezzapachowy, hydrofobowy, bezpieczny dla zdrowia materia\u0142<\/b><\/li>\n<li><b>Precyzyjne, wysokiej jako\u015bci formatowanie<\/b><\/li>\n<li>Front z\u00a0<b>dwukrotnie<\/b>\u00a0<b>lakierowanej<\/b>\u00a0<b>sklejki bukowej lub d\u0119bowej 1 klasy<\/b><\/li>\n<li><strong>F<\/strong><b>rezowana perforacja<\/b>\u00a0zapewnia\u00a0<b>zbalansowane<\/b>\u00a0rozproszenie fal o wysokiej cz\u0119stotliwo\u015bci<\/li>\n<li><b>Mo\u017cliwo\u015b\u0107 dokupienia zestawu linek<\/b>\u00a0do powieszenia pod sufitem (30 z\u0142)<\/li>\n<li>Kolor rdzenia:\u00a0<b>bia\u0142y, szary lub czarny<\/b><\/li>\n<li>Kolor frontu: buk naturalny, d\u0105b antyczny, d\u0105b jasny, orzech, palisander, bia\u0142a bejca, czarna bejca<\/li>\n<li>Zakres absorpcji:\u00a0<b>100-20000 Hz<\/b><\/li>\n<li>Ca\u0142kowite wymiary panelu:\u00a0<b>120 x 60 x 5,6 cm<\/b><\/li>\n<li>Waga:\u00a0<b>4 kg \/ szt.<\/b><\/li>\n<li><b>Cena za 2 szt.<\/b><\/li>\n<\/ul>\n","protected":false},"featured_media":600,"comment_status":"open","ping_status":"closed","template":"","meta":[],"product_brand":[],"product_cat":[22],"product_tag":[],"class_list":{"0":"post-195","1":"product","2":"type-product","3":"status-publish","4":"has-post-thumbnail","6":"product_cat-absorbery","8":"first","9":"instock","10":"shipping-taxable","11":"purchasable","12":"product-type-variable"},"_links":{"self":[{"href":"https:\/\/sevenaudio.eu\/index.php?rest_route=\/wp\/v2\/product\/195","targetHints":{"allow":["GET"]}}],"collection":[{"href":"https:\/\/sevenaudio.eu\/index.php?rest_route=\/wp\/v2\/product"}],"about":[{"href":"https:\/\/sevenaudio.eu\/index.php?rest_route=\/wp\/v2\/types\/product"}],"replies":[{"embeddable":true,"href":"https:\/\/sevenaudio.eu\/index.php?rest_route=%2Fwp%2Fv2%2Fcomments&post=195"}],"wp:featuredmedia":[{"embeddable":true,"href":"https:\/\/sevenaudio.eu\/index.php?rest_route=\/wp\/v2\/media\/600"}],"wp:attachment":[{"href":"https:\/\/sevenaudio.eu\/index.php?rest_route=%2Fwp%2Fv2%2Fmedia&parent=195"}],"wp:term":[{"taxonomy":"product_brand","embeddable":true,"href":"https:\/\/sevenaudio.eu\/index.php?rest_route=%2Fwp%2Fv2%2Fproduct_brand&post=195"},{"taxonomy":"product_cat","embeddable":true,"href":"https:\/\/sevenaudio.eu\/index.php?rest_route=%2Fwp%2Fv2%2Fproduct_cat&post=195"},{"taxonomy":"product_tag","embeddable":true,"href":"https:\/\/sevenaudio.eu\/index.php?rest_route=%2Fwp%2Fv2%2Fproduct_tag&post=195"}],"curies":[{"name":"wp","href":"https:\/\/api.w.org\/{rel}","templated":true}]}}