{"id":216,"date":"2023-04-14T02:58:51","date_gmt":"2023-04-14T00:58:51","guid":{"rendered":"https:\/\/sevenaudio.eu\/?post_type=product&#038;p=216"},"modified":"2025-06-09T17:23:42","modified_gmt":"2025-06-09T15:23:42","slug":"plyta-dyfuzyjna-perforowana-binarna-szczelinowa","status":"publish","type":"product","link":"https:\/\/sevenaudio.eu\/?product=plyta-dyfuzyjna-perforowana-binarna-szczelinowa","title":{"rendered":"P\u0142yta dyfuzyjna perforowana binarna \/ szczelinowa"},"content":{"rendered":"<p><b>P\u0142yta<\/b> <strong>frontowa<\/strong> rozpraszaj\u0105ca na panele poch\u0142aniaj\u0105ce lub \u015bciany akustyczne<\/p>\n<p>Najprostszy i najskuteczniejszy spos\u00f3b do o\u017cywienia przet\u0142umionego pomieszczenia ze standardowymi panelami poch\u0142aniaj\u0105cymi na bazie we\u0142ny mineralnej lub pianki poliuretanowej. Niezb\u0119dny element <b>akustycznej adaptacji jak i wyj\u0105tkowej dekoracji \u015bcian pokoju ods\u0142uchowego<\/b>.<\/p>\n<p>Niezwykle wydajna, lekka, bezpieczna dla zdrowia konstrukcja. Precyzyjne, wysokiej jako\u015bci wykonanie.<\/p>\n<p>P\u0142yta perforowana rozprasza fale d\u017awi\u0119kowe w zakresie <b>1000-20000 Hz<\/b>.<\/p>\n<p>Stosuje si\u0119 je, aby zachowa\u0107 prawid\u0142owy balans w ca\u0142ym pa\u015bmie muzycznym. Dzi\u0119ki przykryciu paneli poch\u0142aniaj\u0105cych odpowiedni\u0105 perforacj\u0105 t\u0142umienie wy\u017cszych cz\u0119stotliwo\u015bci jest ograniczone, a pomieszczenie pozostaje \u017cywe i d\u017awi\u0119czne. Fronty wykonane z komputerow\u0105 precyzj\u0105, mechanicznie frezowane w sklejce li\u015bciastej najwy\u017cszej jako\u015bci.<\/p>\n<p>P\u0142yty perforowane przeznaczone s\u0105 do adaptacji wszelkich pomieszcze\u0144 ods\u0142uchowych takich jak np. studia nagra\u0144, salony ods\u0142uchowe, kina domowe. Zapewniaj\u0105 wysoki przyrost jako\u015bci akustycznej w adaptowanej przestrzeni, przywracaj\u0105c naturaln\u0105 barw\u0119 przet\u0142umionych w g\u00f3rnym pa\u015bmie d\u017awi\u0119k\u00f3w.<\/p>\n<p>Mo\u017cemy r\u00f3wnie\u017c dostosowa\u0107 nasze produkty do wymaga\u0144 przeciwpo\u017carowych budynk\u00f3w u\u017cyteczno\u015bci publicznej, tak aby spe\u0142nia\u0142y normy <strong>(b-s1, d0)<\/strong>. W przypadku zainteresowania ofert\u0105 dla firm prosimy o kontakt mailowy. Om\u00f3wimy i dostosujemy specyfikacj\u0119 materia\u0142u i wyko\u0144czenia do wymaga\u0144 projektowych inwestycji.<\/p>\n<p>&nbsp;<\/p>\n","protected":false},"excerpt":{"rendered":"<p><b>Specyfikacja:<\/b><\/p>\n<ul>\n<li><b>P\u0142yta<\/b> frontowa rozpraszaj\u0105ca na panele poch\u0142aniaj\u0105ce lub \u015bciany akustyczne<\/li>\n<li>Wykonana z ozdobnej sklejki bukowej \/ d\u0119bowej najwy\u017cszej jako\u015bci<\/li>\n<li><b>Precyzyjne, wysokiej jako\u015bci mechaniczne frezowanie<\/b><\/li>\n<li><b>Wyko\u0144czenie: surowe, lakier bezbarwny, bejcowane na kolor + lakier bezbarwny<\/b><\/li>\n<li><b>Perforacja<\/b> szczelinowa lub binarna o matematycznym rozk\u0142adzie zapewnia <b>zbalansowane<\/b>\u00a0rozproszenie fal o wysokiej cz\u0119stotliwo\u015bci<\/li>\n<li>Kolor frontu: bejca z katalogu<\/li>\n<li>Zakres rozpraszania: <b>1000-20000 Hz<\/b><\/li>\n<li>Ca\u0142kowite wymiary: <b>1200 x 600 x 5 mm lub <\/b><b>600 x 600 x 5\u00a0 mm<\/b><\/li>\n<li>Waga:\u00a0<b>1,3 kg \/ szt.<\/b><\/li>\n<li><b>Cena za 4 szt. du\u017ce lub 8 szt. ma\u0142ych<\/b><\/li>\n<\/ul>\n","protected":false},"featured_media":428,"comment_status":"open","ping_status":"closed","template":"","meta":[],"product_brand":[],"product_cat":[19],"product_tag":[],"class_list":{"0":"post-216","1":"product","2":"type-product","3":"status-publish","4":"has-post-thumbnail","6":"product_cat-dyfuzory-akustyczne","7":"product_shipping_class-fronty","9":"first","10":"instock","11":"shipping-taxable","12":"purchasable","13":"product-type-variable"},"_links":{"self":[{"href":"https:\/\/sevenaudio.eu\/index.php?rest_route=\/wp\/v2\/product\/216","targetHints":{"allow":["GET"]}}],"collection":[{"href":"https:\/\/sevenaudio.eu\/index.php?rest_route=\/wp\/v2\/product"}],"about":[{"href":"https:\/\/sevenaudio.eu\/index.php?rest_route=\/wp\/v2\/types\/product"}],"replies":[{"embeddable":true,"href":"https:\/\/sevenaudio.eu\/index.php?rest_route=%2Fwp%2Fv2%2Fcomments&post=216"}],"wp:featuredmedia":[{"embeddable":true,"href":"https:\/\/sevenaudio.eu\/index.php?rest_route=\/wp\/v2\/media\/428"}],"wp:attachment":[{"href":"https:\/\/sevenaudio.eu\/index.php?rest_route=%2Fwp%2Fv2%2Fmedia&parent=216"}],"wp:term":[{"taxonomy":"product_brand","embeddable":true,"href":"https:\/\/sevenaudio.eu\/index.php?rest_route=%2Fwp%2Fv2%2Fproduct_brand&post=216"},{"taxonomy":"product_cat","embeddable":true,"href":"https:\/\/sevenaudio.eu\/index.php?rest_route=%2Fwp%2Fv2%2Fproduct_cat&post=216"},{"taxonomy":"product_tag","embeddable":true,"href":"https:\/\/sevenaudio.eu\/index.php?rest_route=%2Fwp%2Fv2%2Fproduct_tag&post=216"}],"curies":[{"name":"wp","href":"https:\/\/api.w.org\/{rel}","templated":true}]}}