{"id":422,"date":"2024-01-28T07:28:54","date_gmt":"2024-01-28T06:28:54","guid":{"rendered":"https:\/\/sevenaudio.eu\/?post_type=product&#038;p=422"},"modified":"2024-10-22T11:04:31","modified_gmt":"2024-10-22T09:04:31","slug":"vibro-stand-pro-tower","status":"publish","type":"product","link":"https:\/\/sevenaudio.eu\/?product=vibro-stand-pro-tower","title":{"rendered":"Vibro Stand Pro Tower"},"content":{"rendered":"<p>Statyw \/ Stojak \/ Podstawa pod kolumny, g\u0142o\u015bniki, monitory studyjne.<\/p>\n<p>Umo\u017cliwia ustawienie g\u0142o\u015bnik\u00f3w na po\u017c\u0105danej wysoko\u015bci oraz skuteczne t\u0142umienie wibracji przenoszonych na pod\u0142og\u0119.<\/p>\n<p>Drgania p\u0142askich powierzchni, na kt\u00f3rych umieszczane s\u0105 g\u0142o\u015bniki potrafi\u0105 selektywnie wzbudza\u0107 jak i t\u0142umi\u0107 d\u017awi\u0119k znacznie wp\u0142ywaj\u0105c na odbi\u00f3r g\u0142\u00f3wnie niskich cz\u0119stotliwo\u015bci. Blat biurka jak i drewniana pod\u0142oga jest dla g\u0142o\u015bnika bez izolacji u podstawy niczym przed\u0142u\u017cenie jego obudowy i w znacznym stopniu wp\u0142ywa na charakterystyk\u0119 brzmienia ca\u0142ego systemu.<\/p>\n<p><b>Vibro Stand Pro Tower wykorzystuje 2 zjawiska fizyczne do t\u0142umienia drga\u0144: materia\u0142 antywibracyjny o odpowiedniej spr\u0119\u017cysto\u015bci oraz du\u017c\u0105 mas\u0119 fundamentu. S\u0105 to podstawowe rozwi\u0105zania stosowane zar\u00f3wno w akustyce jak i w budownictwie. Mata VibroPad t\u0142umi wi\u0119kszo\u015b\u0107 drga\u0144 ma\u0142ej mocy i utrzymuje g\u0142o\u015bnik stabilnie w miejscu, natomiast masa podstawki przejmuje drgania o wi\u0119kszej energii niskich ton\u00f3w.<\/b><\/p>\n<p>W statywie wykorzystano<b>\u00a0antyrezonansow\u0105 konstrukcj\u0119\u00a0<\/b>z wysokiej jako\u015bci p\u0142yty meblowej.<b>\u00a0Struktura tego materia\u0142u zdecydowanie s\u0142abiej przenosi drgania ni\u017c lite drewno czy puste wewn\u0105trz metalowe rurki, kt\u00f3re w statywach potrafi\u0105 by\u0107 dla d\u017awi\u0119ku falowodem, wzbudzaj\u0105c si\u0119, dzwoni\u0105c i drgaj\u0105c.<\/b><\/p>\n<p><b>Statywy g\u0142o\u015bnikowe Vibro Stand Pro Tower:<\/b><\/p>\n<ul>\n<li><b>Eliminuj\u0105 przenoszenie drga\u0144<\/b>\u00a0na pod\u0142og\u0119<\/li>\n<li>Nowoczesny, elastyczny materia\u0142\u00a0<b>VibroPad+ 20 mm<\/b>\u00a0zapewnia zdecydowanie lepsz\u0105 izolacj\u0119 ni\u017c pianka poliuretanowa czy guma kauczukowa, skutecznie niweluje rezonanse, a jednocze\u015bnie stabilne trzyma kolumn\u0119 na miejscu<\/li>\n<li>Sko\u015bne boki statywu u\u0142atwiaj\u0105 ustawienie pod odpowiednim k\u0105tem np. po bokach blatu biurka (wy\u017csze statywy na indywidualne zam\u00f3wienie)<\/li>\n<li>Fundamentem jest\u00a0<b>masywna i solidnie wykonana<\/b>\u00a0podstawa w dekorze drewna<\/li>\n<li>Obrze\u017ca \u2013 wyko\u0144czone estetycznym\u00a0<b>2 mm<\/b>\u00a0tworzywem\u00a0<b>PCV<\/b>\u00a0(charakteryzuj\u0105cym si\u0119 du\u017c\u0105 wytrzyma\u0142o\u015bci\u0105 mechaniczn\u0105 i chemiczn\u0105)<\/li>\n<li><b>Gumowe n\u00f3\u017cki<\/b>\u00a0zapobiegaj\u0105 przesuwaniu podstawy oraz dodatkowo niweluj\u0105 drgania.<\/li>\n<li>Wymiary:\u00a0\u00a0<b>240 x 240 x 430 mm (w tym 220 x 220 mm VibroPad+)\u00a0<\/b><\/li>\n<li>Dost\u0119pne w dekorze:\u00a0<b>d\u0105b antyczny<\/b>,\u00a0<b>d\u0105b jasny, orzech caravaggio, czarny<\/b><\/li>\n<li><b>Cena za 2 sztuki<\/b><\/li>\n<\/ul>\n<p>Pasuj\u0105 do wi\u0119kszo\u015bci najpopularniejszych monitor\u00f3w ods\u0142uchowych z g\u0142o\u015bnikiem 5&#8243; 6,5&#8243; 8&#8243; , m.in.:<\/p>\n<p>JBL 305P KRK Rokit RP5 Yamaha HS5 Presonus Eris E5 Neumann KH 120 A M-Audio BX5 D3 Adam A4V EVE audio SC205 Focal Shape 40 50 Auratone C5 Cube<\/p>\n<p>Statywy sprawdzaj\u0105 si\u0119 r\u00f3wnie\u017c jako stabilna podstawa pod monitor LCD, amplituner itd.<\/p>\n","protected":false},"excerpt":{"rendered":"<p>\ud83c\udfa7 20 mm Vibro Pad on top provides much better vibration damping than all available speaker spikes.<\/p>\n<p>\ud83e\udea8 A massive base with an original form made of aesthetic walnut furniture board (240x240x430 mm)<\/p>\n<p>\ud83d\udc63 10 mm rubber feet at the bottom.<\/p>\n<p>Floor stands for studio monitors, speakers and other equipment that requires vibration isolation.<\/p>\n","protected":false},"featured_media":436,"comment_status":"open","ping_status":"closed","template":"","meta":[],"product_brand":[],"product_cat":[25],"product_tag":[],"class_list":{"0":"post-422","1":"product","2":"type-product","3":"status-publish","4":"has-post-thumbnail","6":"product_cat-statywy","8":"first","9":"instock","10":"shipping-taxable","11":"purchasable","12":"product-type-variable"},"_links":{"self":[{"href":"https:\/\/sevenaudio.eu\/index.php?rest_route=\/wp\/v2\/product\/422","targetHints":{"allow":["GET"]}}],"collection":[{"href":"https:\/\/sevenaudio.eu\/index.php?rest_route=\/wp\/v2\/product"}],"about":[{"href":"https:\/\/sevenaudio.eu\/index.php?rest_route=\/wp\/v2\/types\/product"}],"replies":[{"embeddable":true,"href":"https:\/\/sevenaudio.eu\/index.php?rest_route=%2Fwp%2Fv2%2Fcomments&post=422"}],"wp:featuredmedia":[{"embeddable":true,"href":"https:\/\/sevenaudio.eu\/index.php?rest_route=\/wp\/v2\/media\/436"}],"wp:attachment":[{"href":"https:\/\/sevenaudio.eu\/index.php?rest_route=%2Fwp%2Fv2%2Fmedia&parent=422"}],"wp:term":[{"taxonomy":"product_brand","embeddable":true,"href":"https:\/\/sevenaudio.eu\/index.php?rest_route=%2Fwp%2Fv2%2Fproduct_brand&post=422"},{"taxonomy":"product_cat","embeddable":true,"href":"https:\/\/sevenaudio.eu\/index.php?rest_route=%2Fwp%2Fv2%2Fproduct_cat&post=422"},{"taxonomy":"product_tag","embeddable":true,"href":"https:\/\/sevenaudio.eu\/index.php?rest_route=%2Fwp%2Fv2%2Fproduct_tag&post=422"}],"curies":[{"name":"wp","href":"https:\/\/api.w.org\/{rel}","templated":true}]}}