{"id":50,"date":"2022-10-18T20:35:07","date_gmt":"2022-10-18T18:35:07","guid":{"rendered":"https:\/\/sevenaudio.eu\/?post_type=product&#038;p=50"},"modified":"2024-10-22T11:06:59","modified_gmt":"2024-10-22T09:06:59","slug":"1d-qrd-n49-fractal-pro","status":"publish","type":"product","link":"https:\/\/sevenaudio.eu\/?product=1d-qrd-n49-fractal-pro","title":{"rendered":"1D QRD N49 FRACTAL PRO"},"content":{"rendered":"<p>Dyfuzor\u00a0<b>fraktalny<\/b>\u00a0jest wydajnym i estetycznym modelem dyfuzora akustycznego o\u00a0<b>najszerszym pa\u015bmie rozpraszania.<\/b><\/p>\n<p>Projekt oparty na matematycznym modelu sekwencji reszty kwadratowej (QRD) zaproponowanym przez fizyka Manfreda R. Schroedera. Rozbudowany o fraktale, czyli ma\u0142e dyfuzory w studniach du\u017cego dyfuzora. Takie rozwi\u0105zanie pozwala znacznie rozszerzy\u0107 pasmo pracy ustroju. Ca\u0142y panel rozprasza cz\u0119stotliwo\u015bci \u015brednie, a poszczeg\u00f3lne fraktale odpowiadaj\u0105 za rozproszenie cz\u0119stotliwo\u015bci wy\u017cszych.<\/p>\n<p>Panel wykonany ze styroduru malowanego natryskowo farb\u0105 grubopow\u0142okow\u0105 Flugger. Styrodur jest materia\u0142em znacznie trwalszym od utwardzonego styropianu EPS200, a tak\u017ce znacznie l\u017cejszym od drewna.<\/p>\n<p>Rama to solidna konstrukcja z wysokiej jako\u015bci laminowanej p\u0142yty meblowej w dekorze d\u0105b antyczny (wyko\u0144czenie podstawowe). Z ty\u0142u panelu znajduje si\u0119 p\u0142yta HDF. Rama zabezpiecza rdze\u0144 dyfuzora przed uszkodzeniami mechanicznymi i zapewnia jego stabilne ustawienie na pod\u0142odze. G\u0142adkie, meblowe powierzchnie u\u0142atwiaj\u0105 utrzymanie panelu w czysto\u015bci.<\/p>\n<p>Dyfuzory Schroedera znajduj\u0105 zastosowanie m.in. na tylnej i przedniej \u015bcianie oraz na suficie w pomieszczeniach studyjnych, re\u017cyserkach, salach teatralnych, koncertowych, a nawet ko\u015bcio\u0142ach w celu og\u00f3lnie ujmuj\u0105c rozproszenia echa, co skutkuje popraw\u0105 czytelno\u015bci muzyki, g\u0142osu, poszerzeniem i pog\u0142\u0119bieniem sceny muzycznej. Sprawdzaj\u0105 si\u0119 w salonie ods\u0142uchowym Hi-Fi, w miejscach pierwszych odbi\u0107 fali akustycznej, szczeg\u00f3lnie tam gdzie pada ona pod najmniejszym k\u0105tem.<\/p>\n<p>Zadaniem dyfuzor\u00f3w jest r\u00f3wnomierne, pozbawione koloryzacji rozproszenie d\u017awi\u0119ku w czasie i przestrzeni, os\u0142abienie echa odbitych fal i opanowanie niepo\u017c\u0105danych rezonans\u00f3w zwierciadlanych.<\/p>\n<p>Odpowiednie zastosowanie dyfuzor\u00f3w QRD pozwala w ma\u0142ych pomieszczeniach zrezygnowa\u0107 ze stosowania du\u017cej ilo\u015bci materia\u0142\u00f3w d\u017awi\u0119koch\u0142onnych.<\/p>\n<p>Panele dyfuzyjne QRD minimalizuj\u0105 problem pog\u0142osu, echa trzepocz\u0105cego i filtracji grzebieniowej zachowuj\u0105c cenn\u0105 energi\u0119 i naturalno\u015b\u0107 muzyki i mowy, wirtualnie zwi\u0119kszaj\u0105c kubatur\u0119 ma\u0142ego pomieszczenia ods\u0142uchowego.<\/p>\n<p>Ostatnie zdj\u0119cie pokazuje odbicie od p\u0142askiej \u015bciany (Specular reflection) w por\u00f3wnaniu z odbiciem i rozproszeniem przez dyfuzor QRD 1D (Diffusion).<\/p>\n","protected":false},"excerpt":{"rendered":"<p><strong>Specyfikacja:<\/strong><\/p>\n<ul>\n<li>Projektowy zakres dyfuzji (diffusion):\u00a0<b>983 Hz &#8211; 17200 Hz<\/b><\/li>\n<li>Pe\u0142en zakres rozpraszania (scattering):\u00a0<b>491 Hz &#8211; 17200 Hz<\/b><\/li>\n<li>Wsp\u00f3\u0142czynnik absorpcji: 0,2-0,3<\/li>\n<li>Liczba projektowa studni N:\u00a0<b>7 (+fraktalne)<\/b><\/li>\n<li>Wymiary najg\u0142\u0119bszej studni: 6,6 cm x 110,4 cm x 12 cm (najwi\u0119ksza g\u0142\u0119boko\u015b\u0107)<\/li>\n<li>Ca\u0142kowite wymiary panelu:\u00a0<b>57 cm x 114 cm x 13,5 cm<\/b><\/li>\n<li>Waga:\u00a0<b>oko\u0142o 8 kg<\/b><\/li>\n<li>Materia\u0142: szary styrodur XPS, laminowana p\u0142yta meblowa (d\u0105b antyczny lub czarna)<\/li>\n<\/ul>\n","protected":false},"featured_media":52,"comment_status":"open","ping_status":"closed","template":"","meta":[],"product_brand":[],"product_cat":[19],"product_tag":[],"class_list":{"0":"post-50","1":"product","2":"type-product","3":"status-publish","4":"has-post-thumbnail","6":"product_cat-dyfuzory-akustyczne","8":"first","9":"instock","10":"shipping-taxable","11":"purchasable","12":"product-type-variable","13":"has-default-attributes"},"_links":{"self":[{"href":"https:\/\/sevenaudio.eu\/index.php?rest_route=\/wp\/v2\/product\/50","targetHints":{"allow":["GET"]}}],"collection":[{"href":"https:\/\/sevenaudio.eu\/index.php?rest_route=\/wp\/v2\/product"}],"about":[{"href":"https:\/\/sevenaudio.eu\/index.php?rest_route=\/wp\/v2\/types\/product"}],"replies":[{"embeddable":true,"href":"https:\/\/sevenaudio.eu\/index.php?rest_route=%2Fwp%2Fv2%2Fcomments&post=50"}],"wp:featuredmedia":[{"embeddable":true,"href":"https:\/\/sevenaudio.eu\/index.php?rest_route=\/wp\/v2\/media\/52"}],"wp:attachment":[{"href":"https:\/\/sevenaudio.eu\/index.php?rest_route=%2Fwp%2Fv2%2Fmedia&parent=50"}],"wp:term":[{"taxonomy":"product_brand","embeddable":true,"href":"https:\/\/sevenaudio.eu\/index.php?rest_route=%2Fwp%2Fv2%2Fproduct_brand&post=50"},{"taxonomy":"product_cat","embeddable":true,"href":"https:\/\/sevenaudio.eu\/index.php?rest_route=%2Fwp%2Fv2%2Fproduct_cat&post=50"},{"taxonomy":"product_tag","embeddable":true,"href":"https:\/\/sevenaudio.eu\/index.php?rest_route=%2Fwp%2Fv2%2Fproduct_tag&post=50"}],"curies":[{"name":"wp","href":"https:\/\/api.w.org\/{rel}","templated":true}]}}