{"id":552,"date":"2024-01-31T23:42:03","date_gmt":"2024-01-31T22:42:03","guid":{"rendered":"https:\/\/sevenaudio.eu\/?post_type=product&#038;p=552"},"modified":"2024-12-12T02:24:59","modified_gmt":"2024-12-12T01:24:59","slug":"vibro-stand-pro","status":"publish","type":"product","link":"https:\/\/sevenaudio.eu\/?product=vibro-stand-pro","title":{"rendered":"Vibro Stand Pro+"},"content":{"rendered":"<p>Biurkowe \/ sto\u0142owe \/ meblowe podstawki pod monitory studyjne, g\u0142o\u015bniki, subwoofer, soundbar, piec gitarowy oraz inny sprz\u0119t graj\u0105cy wymagaj\u0105cy wibroizolacji.<\/p>\n<p>Drgania rezonansowe blat\u00f3w i mebli to cz\u0119ste zjawisko , z kt\u00f3rym borykaj\u0105 si\u0119 zar\u00f3wno in\u017cynierowie d\u017awi\u0119ku, jak i entuzja\u015bci muzyki.<\/p>\n<p>Drgania p\u0142askich powierzchni, na kt\u00f3rych umieszczane s\u0105 g\u0142o\u015bniki potrafi\u0105 selektywnie wzbudza\u0107 jak i t\u0142umi\u0107 d\u017awi\u0119k znacznie wp\u0142ywaj\u0105c na odbi\u00f3r g\u0142\u00f3wnie niskich cz\u0119stotliwo\u015bci. Blat biurka jest dla g\u0142o\u015bnika bez izolacji u podstawy niczym przed\u0142u\u017cenie jego obudowy i w znacznym stopniu wp\u0142ywa na charakterystyk\u0119 brzmienia ca\u0142ego systemu.<\/p>\n<p><b>Vibro Stand Pro+ <\/b>wykorzystuje 2 zjawiska fizyczne do t\u0142umienia drga\u0144: <b>materia\u0142 antywibracyjny<\/b> o odpowiedniej spr\u0119\u017cysto\u015bci oraz <b>du\u017c\u0105 mas\u0119 fundamentu<\/b>, czyli podstawowe rozwi\u0105zania stosowane zar\u00f3wno w akustyce jak i w budownictwie. Mata t\u0142umi wi\u0119kszo\u015b\u0107 drga\u0144 ma\u0142ej mocy i utrzymuje g\u0142o\u015bnik <b>stabilnie<\/b> w miejscu, natomiast <b>masa podstawki <\/b>przejmuje <b>drgania o wi\u0119kszej energii<\/b>, zwykle <b>niskich ton\u00f3w.<\/b><\/p>\n<p>Fundamentem<b> Vibro Stand Pro+<\/b> jest kilka warstw sklejonej p\u0142yty meblowej wysokiej jako\u015bci.\u00a0Materia\u0142 ten ma cechy <b>antyrezonansowe<\/b>. Udowodniono, \u017ce jego<b>\u00a0s<\/b><b>truktura zdecydowanie s\u0142abiej przenosi drgania ni\u017c lite drewno. pomagaj\u0105c w ten spos\u00f3b w izolacji obudowy g\u0142o\u015bnika od powierzchni mebli. <\/b>Z tego te\u017c wzgl\u0119du, dla zachowania neutralno\u015bci brzmienia, g\u0142o\u015bniki i urz\u0105dzenia audio nie powinny sta\u0107 bezpo\u015brednio na litych, drewnianych blatach biurek, sto\u0142\u00f3w i szafek. Jest to jeden z nielicznych przypadk\u00f3w, gdy materia\u0142 drewnopochodny jest lepszy od naturalnego.<\/p>\n<p>Kolumny mo\u017cna odchyli\u0107 od pionu przyklejaj\u0105c na jednym ko\u0144cu podstawki n\u00f3\u017cki o mniejszej\/wi\u0119kszej wysoko\u015bci ni\u017c standardowe.<\/p>\n<p><b>Podstawki g\u0142o\u015bnikowe Vibro Stand Pro+:<\/b><\/p>\n<ul>\n<li><b>Eliminuj\u0105 przenoszenie drga\u0144<\/b> na blat biurka<\/li>\n<li>Pomagaj\u0105 w zachowaniu <b>neutralnego<\/b>, zaprojektowanego przez producent\u00f3w kolumn <b>brzmienia<\/b><\/li>\n<li>Nowoczesny, elastyczny materia\u0142 <b>VibroPad+ 20 mm<\/b> zapewnia zdecydowanie lepsz\u0105 izolacj\u0119 ni\u017c pianka poliuretanowa czy guma kauczukowa, skutecznie niweluje rezonanse, a jednocze\u015bnie bardzo stabilne trzyma kolumn\u0119 na miejscu<\/li>\n<li>Fundamentem jest <b>masywna i solidnie wykonana<\/b> podstawa w dekorze <b>d\u0105b antyczny wykonana z materia\u0142u antyrezonansowego<\/b><\/li>\n<li>Obrze\u017ca \u2013 wyko\u0144czone estetycznym <b>2 mm<\/b> tworzywem <b>PCV<\/b> (charakteryzuj\u0105cym si\u0119 du\u017c\u0105 wytrzyma\u0142o\u015bci\u0105 mechaniczn\u0105 i chemiczn\u0105)<\/li>\n<li><b>Gumowe n\u00f3\u017cki<\/b> zapobiegaj\u0105 przesuwaniu podstawy oraz dodatkowo niweluj\u0105 drgania.<\/li>\n<li>Podstawa o rozmiarze:\u00a0 <b>220 x 300 x 64 mm (w tym 200 x 280 mm VibroPad+)<\/b><\/li>\n<li>Dost\u0119pne w 6 kolorach.<\/li>\n<\/ul>\n<p>Podstawki sprawdzaj\u0105 si\u0119 r\u00f3wnie\u017c jako stabilna podstawa pod monitor LCD, amplituner itd.<\/p>\n<p>Istnieje mo\u017cliwo\u015b\u0107 wykonania podstawy\u00a0<b>na wymiar.<\/b><\/p>\n","protected":false},"excerpt":{"rendered":"<p><b>Podstawki g\u0142o\u015bnikowe Vibro Stand Pro+:<\/b><\/p>\n<ul>\n<li><b>Eliminuj\u0105 przenoszenie drga\u0144<\/b> na blat biurka<\/li>\n<li>Pomagaj\u0105 w zachowaniu <b>neutralnego<\/b>, zaprojektowanego przez producent\u00f3w kolumn <b>brzmienia<\/b><\/li>\n<li>Nowoczesny, elastyczny materia\u0142 <b>VibroPad+ 20 mm<\/b> zapewnia zdecydowanie lepsz\u0105 izolacj\u0119 ni\u017c pianka poliuretanowa czy guma kauczukowa, skutecznie niweluje rezonanse, a jednocze\u015bnie bardzo stabilne trzyma kolumn\u0119 na miejscu<\/li>\n<li>Fundamentem jest <b>masywna i solidnie wykonana<\/b> podstawa w dekorze <b>d\u0105b antyczny wykonana z materia\u0142u antyrezonansowego<\/b><\/li>\n<li>Obrze\u017ca \u2013 wyko\u0144czone estetycznym <b>2 mm<\/b> tworzywem <b>PCV<\/b> (charakteryzuj\u0105cym si\u0119 du\u017c\u0105 wytrzyma\u0142o\u015bci\u0105 mechaniczn\u0105 i chemiczn\u0105)<\/li>\n<li><b>Gumowe n\u00f3\u017cki<\/b> zapobiegaj\u0105 przesuwaniu podstawy oraz dodatkowo niweluj\u0105 drgania.<\/li>\n<li>Podstawa o rozmiarze:\u00a0 <b>220 x 300 x 64 mm (w tym 200 x 280 mm VibroPad+)<\/b><\/li>\n<li>Dost\u0119pne w 6 kolorach.<\/li>\n<\/ul>\n<p>&nbsp;<\/p>\n","protected":false},"featured_media":589,"comment_status":"open","ping_status":"closed","template":"","meta":[],"product_brand":[],"product_cat":[25],"product_tag":[],"class_list":{"0":"post-552","1":"product","2":"type-product","3":"status-publish","4":"has-post-thumbnail","6":"product_cat-statywy","7":"product_shipping_class-vibro-stand-pro","9":"first","10":"instock","11":"shipping-taxable","12":"purchasable","13":"product-type-variable","14":"has-default-attributes"},"_links":{"self":[{"href":"https:\/\/sevenaudio.eu\/index.php?rest_route=\/wp\/v2\/product\/552","targetHints":{"allow":["GET"]}}],"collection":[{"href":"https:\/\/sevenaudio.eu\/index.php?rest_route=\/wp\/v2\/product"}],"about":[{"href":"https:\/\/sevenaudio.eu\/index.php?rest_route=\/wp\/v2\/types\/product"}],"replies":[{"embeddable":true,"href":"https:\/\/sevenaudio.eu\/index.php?rest_route=%2Fwp%2Fv2%2Fcomments&post=552"}],"wp:featuredmedia":[{"embeddable":true,"href":"https:\/\/sevenaudio.eu\/index.php?rest_route=\/wp\/v2\/media\/589"}],"wp:attachment":[{"href":"https:\/\/sevenaudio.eu\/index.php?rest_route=%2Fwp%2Fv2%2Fmedia&parent=552"}],"wp:term":[{"taxonomy":"product_brand","embeddable":true,"href":"https:\/\/sevenaudio.eu\/index.php?rest_route=%2Fwp%2Fv2%2Fproduct_brand&post=552"},{"taxonomy":"product_cat","embeddable":true,"href":"https:\/\/sevenaudio.eu\/index.php?rest_route=%2Fwp%2Fv2%2Fproduct_cat&post=552"},{"taxonomy":"product_tag","embeddable":true,"href":"https:\/\/sevenaudio.eu\/index.php?rest_route=%2Fwp%2Fv2%2Fproduct_tag&post=552"}],"curies":[{"name":"wp","href":"https:\/\/api.w.org\/{rel}","templated":true}]}}