{"id":709,"date":"2024-03-08T05:59:24","date_gmt":"2024-03-08T04:59:24","guid":{"rendered":"https:\/\/sevenaudio.eu\/?post_type=product&#038;p=709"},"modified":"2025-09-30T19:40:42","modified_gmt":"2025-09-30T17:40:42","slug":"diffuser-pro-1d-n7","status":"publish","type":"product","link":"https:\/\/sevenaudio.eu\/?product=diffuser-pro-1d-n7","title":{"rendered":"Diffuser Pro 1D N7"},"content":{"rendered":"<p><b>Profesjonalny dyfuzor akustyczny do zastosowa\u0144 studyjnych<\/b><\/p>\n<p>Dyfuzor 1D N7 bazuje na matematycznym, jednowymiarowym modelu Schroedera (QRD). To klasyczny, studyjny panel akustyczny rozpraszaj\u0105cy cylindrycznie fale d\u017awi\u0119kowe.<\/p>\n<p>Ze wzgl\u0119du na swoj\u0105 du\u017c\u0105 g\u0142\u0119boko\u015b\u0107, sztywno\u015b\u0107 konstrukcji, grubo\u015b\u0107 u\u017cytego materia\u0142u, dok\u0142adne spasowanie element\u00f3w (CNC), znajduje swoje zastosowanie wsz\u0119dzie tam gdzie potrzebne s\u0105 najlepsze jako\u015bciowo parametry dyfuzji w najistotniejszym dla produkcji muzycznych pa\u015bmie \u015brednich cz\u0119stotliwo\u015bci.<\/p>\n<p>Panele dyfuzyjne s\u0105 najbardziej skuteczne w miejscach pierwszych odbi\u0107 (tylna \u015bciana, boczne \u015bciany, sufit), szczeg\u00f3lnie tam, gdzie k\u0105t padania fali d\u017awi\u0119kowej jest najmniejszy.<\/p>\n","protected":false},"excerpt":{"rendered":"<p><strong>Specyfikacja:<\/strong><\/p>\n<ul>\n<li><b>Panel rozpraszaj\u0105cy fale d\u017awi\u0119kowe<\/b><\/li>\n<li><b>Precyzyjne wykonanie na frezarce CNC<\/b><\/li>\n<li>Materia\u0142 konstrukcyjny: sklejka brzozowa 10 mm, klasa I<\/li>\n<li>Kolor:\u00a0<b>naturalny lub bejcowany na dowolny kolor<\/b><\/li>\n<li>Pe\u0142en zakres rozpraszania: <b>307 Hz &#8211; 2324 Hz<\/b><\/li>\n<li>Ilo\u015b\u0107 studni: 7<\/li>\n<li>Wymiary studni:<b> 7,4 x 7,4 x 16 cm <\/b>(najwi\u0119ksza g\u0142\u0119boko\u015b\u0107)<\/li>\n<li>Ca\u0142kowite wymiary panelu:\u00a0<b>60 x 60 x 17 cm<\/b><\/li>\n<li>Waga: ok.<b>10 kg<\/b><\/li>\n<li>Minimalne zam\u00f3wienie 2 szt.<\/li>\n<\/ul>\n<p>Mo\u017cemy wykona\u0107 tego typu dyfuzory z innych materia\u0142\u00f3w drewnopochodnych jak laminowany MDF, czarny MDF, sklejka d\u0119bowa lub bukowa z fornirowanymi kraw\u0119dziami. W przypadku wyceny prosimy o kontakt mailowy lub telefoniczny.<\/p>\n","protected":false},"featured_media":974,"comment_status":"open","ping_status":"closed","template":"","meta":[],"product_brand":[],"product_cat":[19],"product_tag":[],"class_list":{"0":"post-709","1":"product","2":"type-product","3":"status-publish","4":"has-post-thumbnail","6":"product_cat-dyfuzory-akustyczne","8":"first","9":"onbackorder","10":"shipping-taxable","11":"purchasable","12":"product-type-variable"},"_links":{"self":[{"href":"https:\/\/sevenaudio.eu\/index.php?rest_route=\/wp\/v2\/product\/709","targetHints":{"allow":["GET"]}}],"collection":[{"href":"https:\/\/sevenaudio.eu\/index.php?rest_route=\/wp\/v2\/product"}],"about":[{"href":"https:\/\/sevenaudio.eu\/index.php?rest_route=\/wp\/v2\/types\/product"}],"replies":[{"embeddable":true,"href":"https:\/\/sevenaudio.eu\/index.php?rest_route=%2Fwp%2Fv2%2Fcomments&post=709"}],"wp:featuredmedia":[{"embeddable":true,"href":"https:\/\/sevenaudio.eu\/index.php?rest_route=\/wp\/v2\/media\/974"}],"wp:attachment":[{"href":"https:\/\/sevenaudio.eu\/index.php?rest_route=%2Fwp%2Fv2%2Fmedia&parent=709"}],"wp:term":[{"taxonomy":"product_brand","embeddable":true,"href":"https:\/\/sevenaudio.eu\/index.php?rest_route=%2Fwp%2Fv2%2Fproduct_brand&post=709"},{"taxonomy":"product_cat","embeddable":true,"href":"https:\/\/sevenaudio.eu\/index.php?rest_route=%2Fwp%2Fv2%2Fproduct_cat&post=709"},{"taxonomy":"product_tag","embeddable":true,"href":"https:\/\/sevenaudio.eu\/index.php?rest_route=%2Fwp%2Fv2%2Fproduct_tag&post=709"}],"curies":[{"name":"wp","href":"https:\/\/api.w.org\/{rel}","templated":true}]}}