{"id":866,"date":"2024-10-22T12:38:32","date_gmt":"2024-10-22T10:38:32","guid":{"rendered":"https:\/\/sevenaudio.eu\/?post_type=product&#038;p=866"},"modified":"2026-02-06T14:40:59","modified_gmt":"2026-02-06T13:40:59","slug":"absorber-fabric-pro-2","status":"publish","type":"product","link":"https:\/\/sevenaudio.eu\/?product=absorber-fabric-pro-2","title":{"rendered":"Absorber Fabric Pro"},"content":{"rendered":"<p><b>Profesjonalny absorber szerokopasmowy<\/b> \u2013 panel akustyczny zbudowany na bazie we\u0142ny poliestrowej wysokiej g\u0119sto\u015bci.<\/p>\n<p>We\u0142na u\u017cyta do produkcji to materia\u0142 wykonany w najnowszej technologii, bezzapachowy, ognioodporny.<\/p>\n<p>Rama jest wykonana z estetycznej p\u0142yty meblowej w wybranym dekorze oraz usztywniona z ty\u0142u p\u0142yt\u0105 HDF.<\/p>\n<p>Panel \u015bcienny poch\u0142ania szerokopasmowo w zakresie\u00a0<b>100-20000 Hz<\/b>.<\/p>\n<p>Panele Absorber Fabric Pro przeznaczone s\u0105 do adaptacji pomieszcze\u0144 ods\u0142uchowych takich jak np. studia nagra\u0144 czy salony ods\u0142uchowe, gdzie wymagane s\u0105 ustroje akustyczne o jak najlepszej charakterystyce poch\u0142aniania w niskim pa\u015bmie d\u017awi\u0119ku.<\/p>\n","protected":false},"excerpt":{"rendered":"<p><b>Specyfikacja:<\/b><\/p>\n<ul>\n<li><b>Szerokopasmowy<\/b>\u00a0panel poch\u0142aniaj\u0105cy<\/li>\n<li>Rdze\u0144 stanowi wysokiej jako\u015bci akustyczna\u00a0<b>we\u0142na poliestrowa o g\u0119sto\u015bci 80 kg\/m3 <\/b>i grubo\u015bci\u00a0<strong>10<\/strong><b>0 mm<\/b><\/li>\n<li>Konstrukcja ramy z wysokiej jako\u015bci,\u00a0<b>estetycznej<\/b>\u00a0<b>p\u0142yty meblowej<\/b><\/li>\n<li>Tyl panelu to szczelnie przyklejona lakierowana p\u0142yta HDF<\/li>\n<li>Front wykonany z estetycznej tkaniny akustycznej<\/li>\n<li>Zakres absorpcji:\u00a0<b>100-20000 Hz<\/b><\/li>\n<li>Ca\u0142kowite wymiary panelu:\u00a0<b>120 x 60 x 13,5 cm<\/b><\/li>\n<li>Waga: ok.<b>10 kg<\/b><\/li>\n<\/ul>\n","protected":false},"featured_media":868,"comment_status":"open","ping_status":"closed","template":"","meta":[],"product_brand":[],"product_cat":[22],"product_tag":[],"class_list":{"0":"post-866","1":"product","2":"type-product","3":"status-publish","4":"has-post-thumbnail","6":"product_cat-absorbery","8":"first","9":"instock","10":"shipping-taxable","11":"purchasable","12":"product-type-simple"},"_links":{"self":[{"href":"https:\/\/sevenaudio.eu\/index.php?rest_route=\/wp\/v2\/product\/866","targetHints":{"allow":["GET"]}}],"collection":[{"href":"https:\/\/sevenaudio.eu\/index.php?rest_route=\/wp\/v2\/product"}],"about":[{"href":"https:\/\/sevenaudio.eu\/index.php?rest_route=\/wp\/v2\/types\/product"}],"replies":[{"embeddable":true,"href":"https:\/\/sevenaudio.eu\/index.php?rest_route=%2Fwp%2Fv2%2Fcomments&post=866"}],"wp:featuredmedia":[{"embeddable":true,"href":"https:\/\/sevenaudio.eu\/index.php?rest_route=\/wp\/v2\/media\/868"}],"wp:attachment":[{"href":"https:\/\/sevenaudio.eu\/index.php?rest_route=%2Fwp%2Fv2%2Fmedia&parent=866"}],"wp:term":[{"taxonomy":"product_brand","embeddable":true,"href":"https:\/\/sevenaudio.eu\/index.php?rest_route=%2Fwp%2Fv2%2Fproduct_brand&post=866"},{"taxonomy":"product_cat","embeddable":true,"href":"https:\/\/sevenaudio.eu\/index.php?rest_route=%2Fwp%2Fv2%2Fproduct_cat&post=866"},{"taxonomy":"product_tag","embeddable":true,"href":"https:\/\/sevenaudio.eu\/index.php?rest_route=%2Fwp%2Fv2%2Fproduct_tag&post=866"}],"curies":[{"name":"wp","href":"https:\/\/api.w.org\/{rel}","templated":true}]}}