{"id":901,"date":"2025-01-27T13:43:54","date_gmt":"2025-01-27T12:43:54","guid":{"rendered":"https:\/\/sevenaudio.eu\/?post_type=product&#038;p=901"},"modified":"2025-01-27T15:56:45","modified_gmt":"2025-01-27T14:56:45","slug":"1d-qrd-n13x2-white-symmetrical-diffuser","status":"publish","type":"product","link":"https:\/\/sevenaudio.eu\/?product=1d-qrd-n13x2-white-symmetrical-diffuser","title":{"rendered":"1D QRD N13x2 White Symmetrical Diffuser"},"content":{"rendered":"<p>Dyfuzor QRD 1D N13x2 \/ panel akustyczny rozpraszaj\u0105cy fale d\u017awi\u0119kowe.<\/p>\n<p>Wymiary panelu:\u00a0<b>595 x 595 x 115 mm<\/b><\/p>\n<p>Panel wykonany z\u00a0<b>bia\u0142ego<\/b>\u00a0styroduru, kt\u00f3ry jest materia\u0142em znacznie trwalszym od utwardzonego styropianu EPS200, a tak\u017ce znacznie l\u017cejszym od drewna.<\/p>\n<p>Dyfuzor QRD jest ustrojem akustycznym rozpraszaj\u0105cym fale d\u017awi\u0119kowe, stosowanym powszechnie w studiach nagraniowych, salach koncertowych, pokojach ods\u0142uchowych. Skonstruowany wed\u0142ug matematycznego modelu siatki dyfrakcyjnej. Idealnie nadaje si\u0119 na \u015bcian\u0119 lub sufit pomieszczenia ods\u0142uchowego, re\u017cyserki, studia nagraniowego.<\/p>\n<p>Odpowiednie zastosowanie dyfuzor\u00f3w QRD pomaga zoptymalizowa\u0107 akustyk\u0119 ma\u0142ych i prostok\u0105tnych pomieszcze\u0144, poszerzy\u0107 i pouk\u0142ada\u0107 scen\u0119 d\u017awi\u0119kow\u0105 podczas ods\u0142uchu ulubionych p\u0142yt. Pozwala zminimalizowa\u0107 problem pog\u0142osu, echa trzepocz\u0105cego, zachowuj\u0105c cenn\u0105 energi\u0119 i naturalno\u015b\u0107 muzyki i mowy.<\/p>\n<p><b>Specyfikacja techniczna:<\/b><\/p>\n<ul>\n<li><b>Panel rozpraszaj\u0105cy fale d\u017awi\u0119kowe<\/b><\/li>\n<li><b>Lekka i monolityczna konstrukcja z bia\u0142ego styroduru<\/b><\/li>\n<li><b>Odporno\u015b\u0107 na wilgo\u0107\u00a0<\/b>dzi\u0119ki zamkni\u0119tokom\u00f3rkowej strukturze<\/li>\n<li>Kolor: oryginalny\u00a0<b>bia\u0142y lub malowanie na dowolny kolor<\/b><\/li>\n<li>Pe\u0142en zakres rozpraszania:\u00a0<b>1284 Hz &#8211; 6880 Hz<\/b><\/li>\n<li>Zakres dyfuzji:<b>\u00a0642 Hz &#8211; 6880 Hz<\/b><\/li>\n<li>Wymiary studni:<b> 2,4 x 59,5 x 10 cm <\/b>(najwi\u0119ksza g\u0142\u0119boko\u015b\u0107)<\/li>\n<li>Ca\u0142kowite wymiary panelu: <b>59,5 x 59,5 x 11,5 cm<\/b><\/li>\n<li>Waga: ok.\u00a0<b>1 kg \/ szt.<\/b><\/li>\n<li><b>W komplecie jest 6 paneli kwadratowych 59,5&#215;59,5 cm<\/b><\/li>\n<li>Opcjonalnie mo\u017cna zam\u00f3wi\u0107 panele o mniejszej grubo\u015bci ca\u0142kowitej <b>595 x 595 x 47 mm (zestaw 12 szt.)<\/b> lub w formacie prostok\u0105tnym<b> 1000 x 595 x 115 mm (zestaw 4 szt.)<\/b><\/li>\n<\/ul>\n","protected":false},"excerpt":{"rendered":"<p><b>Specyfikacja techniczna:<\/b><\/p>\n<ul>\n<li><b>Panel rozpraszaj\u0105cy fale d\u017awi\u0119kowe<\/b><\/li>\n<li><b>Lekka i monolityczna konstrukcja z bia\u0142ego styroduru<\/b><\/li>\n<li><b>Odporno\u015b\u0107 na wilgo\u0107\u00a0<\/b>dzi\u0119ki zamkni\u0119tokom\u00f3rkowej strukturze<\/li>\n<li>Kolor: oryginalny\u00a0<b>bia\u0142y lub malowanie na dowolny kolor (+150 z\u0142)<\/b><\/li>\n<li>Pe\u0142en zakres rozpraszania:\u00a0<b>1284 Hz &#8211; 6880 Hz<\/b><\/li>\n<li>Zakres dyfuzji:<b>\u00a0642 Hz &#8211; 6880 Hz<\/b><\/li>\n<li>Wymiary studni:<b> 2,4 x 59,5 x 10 cm <\/b>(najwi\u0119ksza g\u0142\u0119boko\u015b\u0107)<\/li>\n<li>Ca\u0142kowite wymiary panelu: <b>59,5 x 59,5 x 11,5 cm<\/b><\/li>\n<li>Waga: ok.\u00a0<b>1 kg \/ szt.<\/b><\/li>\n<li><b>W komplecie jest 6 paneli kwadratowych 59,5&#215;59,5 cm<\/b><\/li>\n<\/ul>\n","protected":false},"featured_media":902,"comment_status":"open","ping_status":"closed","template":"","meta":[],"product_brand":[],"product_cat":[19,26],"product_tag":[],"class_list":{"0":"post-901","1":"product","2":"type-product","3":"status-publish","4":"has-post-thumbnail","6":"product_cat-dyfuzory-akustyczne","7":"product_cat-shop","9":"first","10":"onbackorder","11":"shipping-taxable","12":"purchasable","13":"product-type-variable"},"_links":{"self":[{"href":"https:\/\/sevenaudio.eu\/index.php?rest_route=\/wp\/v2\/product\/901","targetHints":{"allow":["GET"]}}],"collection":[{"href":"https:\/\/sevenaudio.eu\/index.php?rest_route=\/wp\/v2\/product"}],"about":[{"href":"https:\/\/sevenaudio.eu\/index.php?rest_route=\/wp\/v2\/types\/product"}],"replies":[{"embeddable":true,"href":"https:\/\/sevenaudio.eu\/index.php?rest_route=%2Fwp%2Fv2%2Fcomments&post=901"}],"wp:featuredmedia":[{"embeddable":true,"href":"https:\/\/sevenaudio.eu\/index.php?rest_route=\/wp\/v2\/media\/902"}],"wp:attachment":[{"href":"https:\/\/sevenaudio.eu\/index.php?rest_route=%2Fwp%2Fv2%2Fmedia&parent=901"}],"wp:term":[{"taxonomy":"product_brand","embeddable":true,"href":"https:\/\/sevenaudio.eu\/index.php?rest_route=%2Fwp%2Fv2%2Fproduct_brand&post=901"},{"taxonomy":"product_cat","embeddable":true,"href":"https:\/\/sevenaudio.eu\/index.php?rest_route=%2Fwp%2Fv2%2Fproduct_cat&post=901"},{"taxonomy":"product_tag","embeddable":true,"href":"https:\/\/sevenaudio.eu\/index.php?rest_route=%2Fwp%2Fv2%2Fproduct_tag&post=901"}],"curies":[{"name":"wp","href":"https:\/\/api.w.org\/{rel}","templated":true}]}}