{"id":966,"date":"2025-09-30T19:00:08","date_gmt":"2025-09-30T17:00:08","guid":{"rendered":"https:\/\/sevenaudio.eu\/?post_type=product&#038;p=966"},"modified":"2025-11-05T13:34:44","modified_gmt":"2025-11-05T12:34:44","slug":"diffuser-pro-2d-n7","status":"publish","type":"product","link":"https:\/\/sevenaudio.eu\/?product=diffuser-pro-2d-n7","title":{"rendered":"Diffuser Pro 2D N7"},"content":{"rendered":"<p><b>Profesjonalny dyfuzor akustyczny\u00a0<\/b>&#8211; zaawansowana konstrukcja , wysoka jako\u015b\u0107 wykonania.<\/p>\n<p>Dyfuzor 2D N7 bazuje na matematycznym wzorze Schroedera opartym na liczbie N7 &#8211; panel akustyczny rozpraszaj\u0105cy wszechkierunkowo (sferycznie) fale d\u017awi\u0119kowe.<\/p>\n<p>Jest to najefektywniejszy typ panelu rozpraszaj\u0105cego, oparty na matematycznym, dwuwymiarowym modelu Schroedera QRD 2D. Tego typu dyfuzory s\u0105 wydajniejsze od innych modeli 2D Skyline.<\/p>\n<p>Znajduje swoje zastosowanie m.in. na tylnej lub przedniej \u015bcianie pomieszczenia ods\u0142uchowego.<\/p>\n<p>Konstrukcja panelu to dyfuzor dwuwymiarowy (2D) o liczbie projektowej N7. Mo\u017cna stosowa\u0107 w pionie lub poziomie. Panele dyfuzyjne s\u0105 najbardziej skuteczne w miejscach pierwszych odbi\u0107, szczeg\u00f3lnie tam, gdzie k\u0105t padania fali d\u017awi\u0119kowej jest najmniejszy.<\/p>\n","protected":false},"excerpt":{"rendered":"<p><strong>Specyfikacja:<\/strong><\/p>\n<ul>\n<li><b>Panel rozpraszaj\u0105cy fale d\u017awi\u0119kowe<\/b><\/li>\n<li><b>Precyzyjne wykonanie na frezarce CNC<\/b><\/li>\n<li>Materia\u0142 konstrukcyjny: sklejka brzozowa 10 mm, klasa I<\/li>\n<li>Kolor:\u00a0<b>naturalny lub bejcowany na dowolny kolor<\/b><\/li>\n<li>Pe\u0142en zakres rozpraszania:<b> 567 Hz &#8211; 2324 Hz lub 461 Hz &#8211; 2324 Hz<\/b><\/li>\n<li>Ilo\u015b\u0107 studni: 49<\/li>\n<li>Wymiary studni:<b> 7,4 x 7,4 x 13 cm<\/b>\u00a0lub <b>7,4 x 7,4 x 16 cm<\/b><\/li>\n<li>Ca\u0142kowite wymiary panelu:\u00a0<b>60 x 60 x 14 cm lub 60 x 60 x 17 cm<\/b><\/li>\n<li>Waga: ok.<b>14 kg<\/b><\/li>\n<\/ul>\n","protected":false},"featured_media":963,"comment_status":"open","ping_status":"closed","template":"","meta":[],"product_brand":[],"product_cat":[19,26],"product_tag":[],"class_list":{"0":"post-966","1":"product","2":"type-product","3":"status-publish","4":"has-post-thumbnail","6":"product_cat-dyfuzory-akustyczne","7":"product_cat-shop","9":"first","10":"instock","11":"shipping-taxable","12":"purchasable","13":"product-type-variable"},"_links":{"self":[{"href":"https:\/\/sevenaudio.eu\/index.php?rest_route=\/wp\/v2\/product\/966","targetHints":{"allow":["GET"]}}],"collection":[{"href":"https:\/\/sevenaudio.eu\/index.php?rest_route=\/wp\/v2\/product"}],"about":[{"href":"https:\/\/sevenaudio.eu\/index.php?rest_route=\/wp\/v2\/types\/product"}],"replies":[{"embeddable":true,"href":"https:\/\/sevenaudio.eu\/index.php?rest_route=%2Fwp%2Fv2%2Fcomments&post=966"}],"wp:featuredmedia":[{"embeddable":true,"href":"https:\/\/sevenaudio.eu\/index.php?rest_route=\/wp\/v2\/media\/963"}],"wp:attachment":[{"href":"https:\/\/sevenaudio.eu\/index.php?rest_route=%2Fwp%2Fv2%2Fmedia&parent=966"}],"wp:term":[{"taxonomy":"product_brand","embeddable":true,"href":"https:\/\/sevenaudio.eu\/index.php?rest_route=%2Fwp%2Fv2%2Fproduct_brand&post=966"},{"taxonomy":"product_cat","embeddable":true,"href":"https:\/\/sevenaudio.eu\/index.php?rest_route=%2Fwp%2Fv2%2Fproduct_cat&post=966"},{"taxonomy":"product_tag","embeddable":true,"href":"https:\/\/sevenaudio.eu\/index.php?rest_route=%2Fwp%2Fv2%2Fproduct_tag&post=966"}],"curies":[{"name":"wp","href":"https:\/\/api.w.org\/{rel}","templated":true}]}}